{"id":1739,"date":"2024-08-21T08:28:23","date_gmt":"2024-08-21T08:28:23","guid":{"rendered":"https:\/\/fair-kauf.net\/?post_type=product&#038;p=1739"},"modified":"2024-08-21T09:36:44","modified_gmt":"2024-08-21T09:36:44","slug":"februe-konferenztisch-adesso","status":"publish","type":"product","link":"https:\/\/fair-kauf.net\/index.php\/produkt\/februe-konferenztisch-adesso\/","title":{"rendered":"FEBR\u00dc Konferenztisch Adesso"},"content":{"rendered":"<p>ca. 1600x900x750mm, neuwertig, ellipsenf\u00f6rmig, Dekor: Lichtgrau, Tellerfu\u00df: Graualu<\/p>\n","protected":false},"excerpt":{"rendered":"<p>ca. 1600x900x750mm, neuwertig, ellipsenf\u00f6rmig, Dekor: Lichtgrau, Tellerfu\u00df: Graualu<\/p>\n","protected":false},"featured_media":1742,"template":"","meta":{"kt_blocks_editor_width":"","_kad_blocks_custom_css":"","_kad_blocks_head_custom_js":"","_kad_blocks_body_custom_js":"","_kad_blocks_footer_custom_js":""},"product_brand":[],"product_cat":[15],"product_tag":[],"class_list":{"0":"post-1739","1":"product","2":"type-product","3":"status-publish","4":"has-post-thumbnail","6":"product_cat-unkategorisiert","8":"first","9":"instock","10":"sale","11":"shipping-taxable","12":"purchasable","13":"product-type-simple"},"taxonomy_info":{"product_cat":[{"value":15,"label":"Unkategorisiert"}]},"featured_image_src_large":["https:\/\/fair-kauf.net\/wp-content\/uploads\/2024\/08\/IMG_7954-scaled-768x1024.webp",768,1024,true],"author_info":[],"comment_info":"","_links":{"self":[{"href":"https:\/\/fair-kauf.net\/index.php\/wp-json\/wp\/v2\/product\/1739","targetHints":{"allow":["GET"]}}],"collection":[{"href":"https:\/\/fair-kauf.net\/index.php\/wp-json\/wp\/v2\/product"}],"about":[{"href":"https:\/\/fair-kauf.net\/index.php\/wp-json\/wp\/v2\/types\/product"}],"wp:featuredmedia":[{"embeddable":true,"href":"https:\/\/fair-kauf.net\/index.php\/wp-json\/wp\/v2\/media\/1742"}],"wp:attachment":[{"href":"https:\/\/fair-kauf.net\/index.php\/wp-json\/wp\/v2\/media?parent=1739"}],"wp:term":[{"taxonomy":"product_brand","embeddable":true,"href":"https:\/\/fair-kauf.net\/index.php\/wp-json\/wp\/v2\/product_brand?post=1739"},{"taxonomy":"product_cat","embeddable":true,"href":"https:\/\/fair-kauf.net\/index.php\/wp-json\/wp\/v2\/product_cat?post=1739"},{"taxonomy":"product_tag","embeddable":true,"href":"https:\/\/fair-kauf.net\/index.php\/wp-json\/wp\/v2\/product_tag?post=1739"}],"curies":[{"name":"wp","href":"https:\/\/api.w.org\/{rel}","templated":true}]}}