{"id":1644,"date":"2024-07-05T13:08:01","date_gmt":"2024-07-05T13:08:01","guid":{"rendered":"https:\/\/staging.fair-kauf.net.strothmann.online\/?page_id=1644"},"modified":"2024-07-24T16:01:21","modified_gmt":"2024-07-24T16:01:21","slug":"akustik","status":"publish","type":"page","link":"https:\/\/fair-kauf.net\/index.php\/akustik\/","title":{"rendered":"Akustik"},"content":{"rendered":"<style>.wp-block-kadence-advancedgallery.kb-gallery-wrap-id-1644_8be755-8b{overflow:hidden;}.kb-gallery-id-1644_8be755-8b .kadence-blocks-gallery-item .kb-gal-image-radius, .kb-gallery-id-1644_8be755-8b .kb-slide-item .kb-gal-image-radius img{border-radius:0px 0px 0px 0px;;}.kb-gallery-wrap-id-1644_8be755-8b.wp-block-kadence-advancedgallery{overflow:visible;}.kb-gallery-wrap-id-1644_8be755-8b.wp-block-kadence-advancedgallery .kt-blocks-carousel{overflow:visible;}<\/style><div class=\"kb-gallery-wrap-id-1644_8be755-8b alignnone wp-block-kadence-advancedgallery\"><div class=\"kb-gallery-ul kb-gallery-non-static kb-gallery-type-carousel kb-gallery-id-1644_8be755-8b kb-gallery-caption-style-bottom-hover kb-gallery-filter-none\" data-image-filter=\"none\" data-lightbox-caption=\"true\"><div class=\"kt-blocks-carousel splide kt-carousel-container-dotstyle-dark kt-carousel-arrowstyle-whiteondark kt-carousel-dotstyle-dark kb-slider-group-arrow kb-slider-arrow-position-center\" data-columns-xxl=\"2\" data-columns-xl=\"2\" data-columns-md=\"2\" data-columns-sm=\"2\" data-columns-xs=\"1\" data-columns-ss=\"1\" data-slider-anim-speed=\"400\" data-slider-scroll=\"1\" data-slider-arrows=\"true\" data-slider-dots=\"true\" data-slider-hover-pause=\"false\" data-slider-auto=\"\" data-slider-speed=\"7000\" data-slider-gap=\"10px\" data-slider-gap-tablet=\"10px\" data-slider-gap-mobile=\"10px\" data-show-pause-button=\"false\" data-slider-label=\"Photo Gallery Carousel\"><div class=\"splide__track\"><ul class=\"kt-blocks-carousel-init kb-gallery-carousel splide__list\"><li class=\"kb-slide-item kb-gallery-carousel-item splide__slide\"><div class=\"kadence-blocks-gallery-item\"><div class=\"kadence-blocks-gallery-item-inner\"><figure class=\"kb-gallery-figure kadence-blocks-gallery-item-hide-caption\"><div class=\"kb-gal-image-radius\"><div class=\"kb-gallery-image-contain kadence-blocks-gallery-intrinsic kb-gallery-image-ratio-land32 kb-has-image-ratio-land32\" ><img loading=\"lazy\" decoding=\"async\" src=\"https:\/\/fair-kauf.net\/wp-content\/uploads\/2024\/07\/februe_akustik_screen_032_033-1024x597.jpg\" width=\"1024\" height=\"597\" alt=\"\" data-full-image=\"https:\/\/fair-kauf.net\/wp-content\/uploads\/2024\/07\/februe_akustik_screen_032_033.jpg\" data-light-image=\"https:\/\/fair-kauf.net\/wp-content\/uploads\/2024\/07\/februe_akustik_screen_032_033.jpg\" data-id=\"1698\" class=\"wp-image-1698 skip-lazy\"\/><\/div><\/div><\/figure><\/div><\/div><\/li><li class=\"kb-slide-item kb-gallery-carousel-item splide__slide\"><div class=\"kadence-blocks-gallery-item\"><div class=\"kadence-blocks-gallery-item-inner\"><figure class=\"kb-gallery-figure kadence-blocks-gallery-item-hide-caption\"><div class=\"kb-gal-image-radius\"><div class=\"kb-gallery-image-contain kadence-blocks-gallery-intrinsic kb-gallery-image-ratio-land32 kb-has-image-ratio-land32\" ><img loading=\"lazy\" decoding=\"async\" src=\"https:\/\/fair-kauf.net\/wp-content\/uploads\/2024\/07\/februe_akustik_screen_037_01.jpg\" width=\"900\" height=\"900\" alt=\"\" data-full-image=\"https:\/\/fair-kauf.net\/wp-content\/uploads\/2024\/07\/februe_akustik_screen_037_01.jpg\" data-light-image=\"https:\/\/fair-kauf.net\/wp-content\/uploads\/2024\/07\/februe_akustik_screen_037_01.jpg\" data-id=\"1699\" class=\"wp-image-1699 skip-lazy\"\/><\/div><\/div><\/figure><\/div><\/div><\/li><\/ul><\/div><\/div><\/div><\/div>\n\n\n<p>Herzlich willkommen bei Fair-Kauf! In unserem Bereich&nbsp;<strong>Akustik<\/strong>&nbsp;bieten wir Ihnen eine breite Palette an Produkten und L\u00f6sungen, die f\u00fcr eine optimale Klangqualit\u00e4t und ein angenehmes akustisches Umfeld sorgen.<\/p>\n\n\n\n<p>Egal, ob Sie auf der Suche nach hochwertigen Akustikpaneelen f\u00fcr Ihr B\u00fcro, schallabsorbierenden Materialien f\u00fcr Ihr Zuhause oder speziellen L\u00f6sungen f\u00fcr Veranstaltungsr\u00e4ume sind \u2013 bei uns finden Sie genau das Richtige. Unsere Produkte zeichnen sich durch ihre hohe Qualit\u00e4t, Langlebigkeit und \u00e4sthetische Gestaltung aus.<\/p>\n\n\n\n<p>Unser erfahrenes Team steht Ihnen mit umfassender Beratung zur Seite, um die besten akustischen L\u00f6sungen f\u00fcr Ihre individuellen Bed\u00fcrfnisse zu finden. Besuchen Sie uns in unserer Ausstellung in Augustdorf oder kontaktieren Sie uns telefonisch f\u00fcr eine pers\u00f6nliche Beratung.<\/p>\n\n\n\n<p>Entdecken Sie die Welt der Akustik bei Fair-Kauf und schaffen Sie eine Umgebung, in der sich jeder Ton perfekt entfaltet.<\/p>\n\n\n\n<p>Wir freuen uns auf Ihren Besuch!<\/p>\n\n\n<style>.wp-block-kadence-advancedbtn.kb-btns1644_e522e2-f4{gap:var(--global-kb-gap-xs, 0.5rem );justify-content:center;align-items:center;}.kt-btns1644_e522e2-f4 .kt-button{font-weight:normal;font-style:normal;}.kt-btns1644_e522e2-f4 .kt-btn-wrap-0{margin-right:5px;}.wp-block-kadence-advancedbtn.kt-btns1644_e522e2-f4 .kt-btn-wrap-0 .kt-button{color:#555555;border-color:#555555;}.wp-block-kadence-advancedbtn.kt-btns1644_e522e2-f4 .kt-btn-wrap-0 .kt-button:hover, .wp-block-kadence-advancedbtn.kt-btns1644_e522e2-f4 .kt-btn-wrap-0 .kt-button:focus{color:#ffffff;border-color:#444444;}.wp-block-kadence-advancedbtn.kt-btns1644_e522e2-f4 .kt-btn-wrap-0 .kt-button::before{display:none;}.wp-block-kadence-advancedbtn.kt-btns1644_e522e2-f4 .kt-btn-wrap-0 .kt-button:hover, .wp-block-kadence-advancedbtn.kt-btns1644_e522e2-f4 .kt-btn-wrap-0 .kt-button:focus{background:#444444;}<\/style>\n<div class=\"wp-block-kadence-advancedbtn kb-buttons-wrap kb-btns1644_e522e2-f4\"><style>ul.menu .wp-block-kadence-advancedbtn .kb-btn1644_394869-3f.kb-button{width:initial;}.wp-block-kadence-advancedbtn .kb-btn1644_394869-3f.kb-button{color:#eee;background:#2d5c88;}.wp-block-kadence-advancedbtn .kb-btn1644_394869-3f.kb-button:hover, .wp-block-kadence-advancedbtn .kb-btn1644_394869-3f.kb-button:focus{color:#eee;background:#1c9f9f;}<\/style><a class=\"kb-button kt-button button kb-btn1644_394869-3f kt-btn-size-xlarge kt-btn-width-type-auto kb-btn-global-fill  kt-btn-has-text-true kt-btn-has-svg-false  wp-block-kadence-singlebtn\" href=\"https:\/\/fair-kauf.net\/index.php\/contact-us\/\"><span class=\"kt-btn-inner-text\">Gleich Termin vereinbaren<\/span><\/a><\/div>\n","protected":false},"excerpt":{"rendered":"<p>Herzlich willkommen bei Fair-Kauf! In unserem Bereich&nbsp;Akustik&nbsp;bieten wir Ihnen eine breite Palette an Produkten und L\u00f6sungen, die f\u00fcr eine optimale Klangqualit\u00e4t und ein angenehmes akustisches Umfeld sorgen. Egal, ob Sie auf der Suche nach hochwertigen Akustikpaneelen f\u00fcr Ihr B\u00fcro, schallabsorbierenden &hellip; <a class=\"kt-excerpt-readmore\" href=\"https:\/\/fair-kauf.net\/index.php\/akustik\/\" aria-label=\"Akustik\">Weiterlesen<\/a><\/p>\n","protected":false},"author":1,"featured_media":0,"parent":0,"menu_order":0,"comment_status":"closed","ping_status":"closed","template":"","meta":{"kt_blocks_editor_width":"","_kad_blocks_custom_css":"","_kad_blocks_head_custom_js":"","_kad_blocks_body_custom_js":"","_kad_blocks_footer_custom_js":"","footnotes":""},"class_list":["post-1644","page","type-page","status-publish","hentry"],"taxonomy_info":[],"featured_image_src_large":false,"author_info":{"display_name":"admin","author_link":"https:\/\/fair-kauf.net\/index.php\/author\/strothy_jtu6f85m\/"},"comment_info":0,"_links":{"self":[{"href":"https:\/\/fair-kauf.net\/index.php\/wp-json\/wp\/v2\/pages\/1644","targetHints":{"allow":["GET"]}}],"collection":[{"href":"https:\/\/fair-kauf.net\/index.php\/wp-json\/wp\/v2\/pages"}],"about":[{"href":"https:\/\/fair-kauf.net\/index.php\/wp-json\/wp\/v2\/types\/page"}],"author":[{"embeddable":true,"href":"https:\/\/fair-kauf.net\/index.php\/wp-json\/wp\/v2\/users\/1"}],"replies":[{"embeddable":true,"href":"https:\/\/fair-kauf.net\/index.php\/wp-json\/wp\/v2\/comments?post=1644"}],"version-history":[{"count":0,"href":"https:\/\/fair-kauf.net\/index.php\/wp-json\/wp\/v2\/pages\/1644\/revisions"}],"wp:attachment":[{"href":"https:\/\/fair-kauf.net\/index.php\/wp-json\/wp\/v2\/media?parent=1644"}],"curies":[{"name":"wp","href":"https:\/\/api.w.org\/{rel}","templated":true}]}}