{"id":1487,"date":"2024-05-24T10:42:55","date_gmt":"2024-05-24T10:42:55","guid":{"rendered":"https:\/\/staging.fair-kauf.net.strothmann.online\/?page_id=1487"},"modified":"2024-07-11T13:50:50","modified_gmt":"2024-07-11T13:50:50","slug":"ueber-150kg","status":"publish","type":"page","link":"https:\/\/fair-kauf.net\/index.php\/ueber-150kg\/","title":{"rendered":"\u00dcber 150kg"},"content":{"rendered":"\n<div class=\"wp-block-columns is-layout-flex wp-container-core-columns-is-layout-9d6595d7 wp-block-columns-is-layout-flex\">\n<div class=\"wp-block-column is-layout-flow wp-block-column-is-layout-flow\">\n<p>Bei Fair-Kauf verstehen wir, dass jeder Kunde einzigartige Bed\u00fcrfnisse hat, insbesondere wenn es um Komfort und Stabilit\u00e4t geht. Deshalb sind wir stolz darauf, eine spezielle Auswahl an St\u00fchlen anzubieten, die f\u00fcr Personen <strong>\u00fcber 150kg<\/strong> konzipiert sind.<\/p>\n\n\n\n<p>Unsere St\u00fchle f\u00fcr <strong>\u00fcber 150kg<\/strong> sind das Ergebnis sorgf\u00e4ltiger Forschung und Design, um sicherzustellen, dass sie nicht nur das zus\u00e4tzliche Gewicht tragen, sondern auch ergonomischen Komfort bieten. Sie verf\u00fcgen \u00fcber:<\/p>\n\n\n\n<ul class=\"wp-block-list\">\n<li><strong>Extra breite Sitzfl\u00e4chen<\/strong>: Um ausreichend Platz und Bewegungsfreiheit zu gew\u00e4hrleisten.<\/li>\n\n\n\n<li><strong>Verst\u00e4rkte Konstruktionen<\/strong>: F\u00fcr zus\u00e4tzliche Stabilit\u00e4t und Langlebigkeit.<\/li>\n\n\n\n<li><strong>H\u00f6henverstellbare Optionen<\/strong>: Damit Sie die perfekte Sitzposition finden k\u00f6nnen.<\/li>\n\n\n\n<li><strong>Ergonomische R\u00fcckenlehnen<\/strong>: Die sich optimal an Ihre Wirbels\u00e4ule anpassen.<\/li>\n\n\n\n<li><strong>Atmungsaktive Materialien<\/strong>: Um eine gute Luftzirkulation zu erm\u00f6glichen und Schwitzen zu vermeiden.<\/li>\n<\/ul>\n\n\n\n<p>Ob Sie einen robusten <strong>Arbeitsstuhl<\/strong> oder einen komfortablen <strong>Drehstuhl<\/strong> suchen, unsere St\u00fchle sind darauf ausgelegt, Ihnen den besten Sitzkomfort zu bieten, den Sie verdienen. Entdecken Sie unsere Auswahl und erleben Sie den Unterschied, den ein Stuhl von Fair-kauf machen kann.<\/p>\n\n\n<style>.wp-block-kadence-advancedbtn.kb-btns1487_77f2ce-5d{gap:var(--global-kb-gap-xs, 0.5rem );justify-content:center;align-items:center;}.kt-btns1487_77f2ce-5d .kt-button{font-weight:normal;font-style:normal;}.kt-btns1487_77f2ce-5d .kt-btn-wrap-0{margin-right:5px;}.wp-block-kadence-advancedbtn.kt-btns1487_77f2ce-5d .kt-btn-wrap-0 .kt-button{color:#555555;border-color:#555555;}.wp-block-kadence-advancedbtn.kt-btns1487_77f2ce-5d .kt-btn-wrap-0 .kt-button:hover, .wp-block-kadence-advancedbtn.kt-btns1487_77f2ce-5d .kt-btn-wrap-0 .kt-button:focus{color:#ffffff;border-color:#444444;}.wp-block-kadence-advancedbtn.kt-btns1487_77f2ce-5d .kt-btn-wrap-0 .kt-button::before{display:none;}.wp-block-kadence-advancedbtn.kt-btns1487_77f2ce-5d .kt-btn-wrap-0 .kt-button:hover, .wp-block-kadence-advancedbtn.kt-btns1487_77f2ce-5d .kt-btn-wrap-0 .kt-button:focus{background:#444444;}<\/style>\n<div class=\"wp-block-kadence-advancedbtn kb-buttons-wrap kb-btns1487_77f2ce-5d\"><style>ul.menu .wp-block-kadence-advancedbtn .kb-btn1487_44a697-f9.kb-button{width:initial;}.wp-block-kadence-advancedbtn .kb-btn1487_44a697-f9.kb-button{color:#eee;background:#2d5c88;}.wp-block-kadence-advancedbtn .kb-btn1487_44a697-f9.kb-button:hover, .wp-block-kadence-advancedbtn .kb-btn1487_44a697-f9.kb-button:focus{color:#eee;background:#1c9f9f;}<\/style><a class=\"kb-button kt-button button kb-btn1487_44a697-f9 kt-btn-size-xlarge kt-btn-width-type-auto kb-btn-global-fill  kt-btn-has-text-true kt-btn-has-svg-false  wp-block-kadence-singlebtn\" href=\"https:\/\/fair-kauf.net\/index.php\/contact-us\/\"><span class=\"kt-btn-inner-text\">Gleich anfragen<\/span><\/a><\/div>\n<\/div>\n\n\n\n<div class=\"wp-block-column is-layout-flow wp-block-column-is-layout-flow\"><style>.kb-image1487_9e2c99-58 .kb-image-has-overlay:after{opacity:0.3;}<\/style>\n<figure class=\"wp-block-kadence-image kb-image1487_9e2c99-58 size-large\"><img loading=\"lazy\" decoding=\"async\" width=\"684\" height=\"1024\" src=\"https:\/\/fair-kauf.net\/wp-content\/uploads\/2024\/05\/sileriospacexxl_104026-24052018-4-conflicted-copy-2024-05-23-142752-684x1024.jpg\" alt=\"\" class=\"kb-img wp-image-1581\" srcset=\"https:\/\/fair-kauf.net\/wp-content\/uploads\/2024\/05\/sileriospacexxl_104026-24052018-4-conflicted-copy-2024-05-23-142752-684x1024.jpg 684w, https:\/\/fair-kauf.net\/wp-content\/uploads\/2024\/05\/sileriospacexxl_104026-24052018-4-conflicted-copy-2024-05-23-142752-200x300.jpg 200w, https:\/\/fair-kauf.net\/wp-content\/uploads\/2024\/05\/sileriospacexxl_104026-24052018-4-conflicted-copy-2024-05-23-142752-768x1150.jpg 768w, https:\/\/fair-kauf.net\/wp-content\/uploads\/2024\/05\/sileriospacexxl_104026-24052018-4-conflicted-copy-2024-05-23-142752-1025x1536.jpg 1025w, https:\/\/fair-kauf.net\/wp-content\/uploads\/2024\/05\/sileriospacexxl_104026-24052018-4-conflicted-copy-2024-05-23-142752.jpg 1179w\" sizes=\"auto, (max-width: 684px) 100vw, 684px\" \/><\/figure>\n<\/div>\n<\/div>\n","protected":false},"excerpt":{"rendered":"<p>Bei Fair-Kauf verstehen wir, dass jeder Kunde einzigartige Bed\u00fcrfnisse hat, insbesondere wenn es um Komfort und Stabilit\u00e4t geht. Deshalb sind wir stolz darauf, eine spezielle Auswahl an St\u00fchlen anzubieten, die f\u00fcr Personen \u00fcber 150kg konzipiert sind. Unsere St\u00fchle f\u00fcr \u00fcber &hellip; <a class=\"kt-excerpt-readmore\" href=\"https:\/\/fair-kauf.net\/index.php\/ueber-150kg\/\" aria-label=\"\u00dcber 150kg\">Weiterlesen<\/a><\/p>\n","protected":false},"author":1,"featured_media":0,"parent":0,"menu_order":0,"comment_status":"closed","ping_status":"closed","template":"","meta":{"kt_blocks_editor_width":"","_kad_blocks_custom_css":"","_kad_blocks_head_custom_js":"","_kad_blocks_body_custom_js":"","_kad_blocks_footer_custom_js":"","footnotes":""},"class_list":["post-1487","page","type-page","status-publish","hentry"],"taxonomy_info":[],"featured_image_src_large":false,"author_info":{"display_name":"admin","author_link":"https:\/\/fair-kauf.net\/index.php\/author\/strothy_jtu6f85m\/"},"comment_info":0,"_links":{"self":[{"href":"https:\/\/fair-kauf.net\/index.php\/wp-json\/wp\/v2\/pages\/1487","targetHints":{"allow":["GET"]}}],"collection":[{"href":"https:\/\/fair-kauf.net\/index.php\/wp-json\/wp\/v2\/pages"}],"about":[{"href":"https:\/\/fair-kauf.net\/index.php\/wp-json\/wp\/v2\/types\/page"}],"author":[{"embeddable":true,"href":"https:\/\/fair-kauf.net\/index.php\/wp-json\/wp\/v2\/users\/1"}],"replies":[{"embeddable":true,"href":"https:\/\/fair-kauf.net\/index.php\/wp-json\/wp\/v2\/comments?post=1487"}],"version-history":[{"count":0,"href":"https:\/\/fair-kauf.net\/index.php\/wp-json\/wp\/v2\/pages\/1487\/revisions"}],"wp:attachment":[{"href":"https:\/\/fair-kauf.net\/index.php\/wp-json\/wp\/v2\/media?parent=1487"}],"curies":[{"name":"wp","href":"https:\/\/api.w.org\/{rel}","templated":true}]}}