{"id":1476,"date":"2024-05-24T10:41:48","date_gmt":"2024-05-24T10:41:48","guid":{"rendered":"https:\/\/staging.fair-kauf.net.strothmann.online\/?page_id=1476"},"modified":"2024-09-27T11:46:50","modified_gmt":"2024-09-27T11:46:50","slug":"konferenzstuehle","status":"publish","type":"page","link":"https:\/\/fair-kauf.net\/index.php\/konferenzstuehle\/","title":{"rendered":"Konferenzst\u00fchle"},"content":{"rendered":"<style>.kb-gallery-id-1476_7526ed-4d.kb-gallery-ul.kb-gallery-type-fluidcarousel .kt-blocks-carousel figure .kb-gal-image-radius, .kb-gallery-id-1476_7526ed-4d.kb-gallery-ul.kb-gallery-type-fluidcarousel .kt-blocks-carousel figure .kb-gal-image-radius img{height:300px;}.kb-gallery-id-1476_7526ed-4d .kadence-blocks-gallery-item .kb-gal-image-radius, .kb-gallery-id-1476_7526ed-4d .kb-slide-item .kb-gal-image-radius img{border-radius:0px 0px 0px 0px;;}.kb-gallery-wrap-id-1476_7526ed-4d.wp-block-kadence-advancedgallery{overflow:visible;}.kb-gallery-wrap-id-1476_7526ed-4d.wp-block-kadence-advancedgallery .kt-blocks-carousel{overflow:visible;max-width:100%;}<\/style><div class=\"kb-gallery-wrap-id-1476_7526ed-4d alignnone wp-block-kadence-advancedgallery\"><div class=\"kb-gallery-ul kb-gallery-non-static kb-gallery-type-fluidcarousel kb-gallery-id-1476_7526ed-4d kb-gallery-caption-style-bottom-hover kb-gallery-filter-none\" data-image-filter=\"none\" data-lightbox-caption=\"true\"><div class=\"kt-blocks-carousel splide kt-carousel-container-dotstyle-dark kt-carousel-arrowstyle-whiteondark kt-carousel-dotstyle-dark kb-slider-group-arrow kb-slider-arrow-position-center\" data-slider-anim-speed=\"400\" data-slider-scroll=\"1\" data-slider-arrows=\"true\" data-slider-dots=\"true\" data-slider-hover-pause=\"false\" data-slider-auto=\"1\" data-slider-speed=\"2000\" data-slider-type=\"fluidcarousel\" data-slider-center-mode=\"true\" data-slider-gap=\"10px\" data-slider-gap-tablet=\"10px\" data-slider-gap-mobile=\"10px\" data-show-pause-button=\"false\"><div class=\"splide__track\"><ul class=\"kt-blocks-carousel-init kb-blocks-fluid-carousel splide__list\"><li class=\"kb-slide-item kb-gallery-carousel-item splide__slide\"><div class=\"kadence-blocks-gallery-item\"><div class=\"kadence-blocks-gallery-item-inner\"><figure class=\"kb-gallery-figure kadence-blocks-gallery-item-hide-caption\"><div class=\"kb-gal-image-radius\"><div class=\"kb-gallery-image-contain\" ><img loading=\"lazy\" decoding=\"async\" src=\"https:\/\/fair-kauf.net\/wp-content\/uploads\/2024\/05\/citus195.jpg\" width=\"700\" height=\"960\" alt=\"\" data-full-image=\"https:\/\/fair-kauf.net\/wp-content\/uploads\/2024\/05\/citus195.jpg\" data-light-image=\"https:\/\/fair-kauf.net\/wp-content\/uploads\/2024\/05\/citus195.jpg\" data-id=\"1589\" class=\"wp-image-1589 skip-lazy\"\/><\/div><\/div><\/figure><\/div><\/div><\/li><li class=\"kb-slide-item kb-gallery-carousel-item splide__slide\"><div class=\"kadence-blocks-gallery-item\"><div class=\"kadence-blocks-gallery-item-inner\"><figure class=\"kb-gallery-figure kadence-blocks-gallery-item-hide-caption\"><div class=\"kb-gal-image-radius\"><div class=\"kb-gallery-image-contain\" ><img loading=\"lazy\" decoding=\"async\" src=\"https:\/\/fair-kauf.net\/wp-content\/uploads\/2024\/05\/cube_555_C.jpg\" width=\"700\" height=\"960\" alt=\"\" data-full-image=\"https:\/\/fair-kauf.net\/wp-content\/uploads\/2024\/05\/cube_555_C.jpg\" data-light-image=\"https:\/\/fair-kauf.net\/wp-content\/uploads\/2024\/05\/cube_555_C.jpg\" data-id=\"1590\" class=\"wp-image-1590 skip-lazy\"\/><\/div><\/div><\/figure><\/div><\/div><\/li><li class=\"kb-slide-item kb-gallery-carousel-item splide__slide\"><div class=\"kadence-blocks-gallery-item\"><div class=\"kadence-blocks-gallery-item-inner\"><figure class=\"kb-gallery-figure kadence-blocks-gallery-item-hide-caption\"><div class=\"kb-gal-image-radius\"><div class=\"kb-gallery-image-contain\" ><img loading=\"lazy\" decoding=\"async\" src=\"https:\/\/fair-kauf.net\/wp-content\/uploads\/2024\/05\/linus409.jpg\" width=\"700\" height=\"960\" alt=\"\" data-full-image=\"https:\/\/fair-kauf.net\/wp-content\/uploads\/2024\/05\/linus409.jpg\" data-light-image=\"https:\/\/fair-kauf.net\/wp-content\/uploads\/2024\/05\/linus409.jpg\" data-id=\"1591\" class=\"wp-image-1591 skip-lazy\"\/><\/div><\/div><\/figure><\/div><\/div><\/li><li class=\"kb-slide-item kb-gallery-carousel-item splide__slide\"><div class=\"kadence-blocks-gallery-item\"><div class=\"kadence-blocks-gallery-item-inner\"><figure class=\"kb-gallery-figure kadence-blocks-gallery-item-hide-caption\"><div class=\"kb-gal-image-radius\"><div class=\"kb-gallery-image-contain\" ><img loading=\"lazy\" decoding=\"async\" src=\"https:\/\/fair-kauf.net\/wp-content\/uploads\/2024\/05\/SHcitus.jpg\" width=\"276\" height=\"431\" alt=\"\" data-full-image=\"https:\/\/fair-kauf.net\/wp-content\/uploads\/2024\/05\/SHcitus.jpg\" data-light-image=\"https:\/\/fair-kauf.net\/wp-content\/uploads\/2024\/05\/SHcitus.jpg\" data-id=\"1592\" class=\"wp-image-1592 skip-lazy\"\/><\/div><\/div><\/figure><\/div><\/div><\/li><li class=\"kb-slide-item kb-gallery-carousel-item splide__slide\"><div class=\"kadence-blocks-gallery-item\"><div class=\"kadence-blocks-gallery-item-inner\"><figure class=\"kb-gallery-figure kadence-blocks-gallery-item-hide-caption\"><div class=\"kb-gal-image-radius\"><div class=\"kb-gallery-image-contain\" ><img loading=\"lazy\" decoding=\"async\" src=\"https:\/\/fair-kauf.net\/wp-content\/uploads\/2024\/05\/SHcitusbarhocker190.jpg\" width=\"276\" height=\"431\" alt=\"\" data-full-image=\"https:\/\/fair-kauf.net\/wp-content\/uploads\/2024\/05\/SHcitusbarhocker190.jpg\" data-light-image=\"https:\/\/fair-kauf.net\/wp-content\/uploads\/2024\/05\/SHcitusbarhocker190.jpg\" data-id=\"1593\" class=\"wp-image-1593 skip-lazy\"\/><\/div><\/div><\/figure><\/div><\/div><\/li><\/ul><\/div><\/div><\/div><\/div>\n\n\n<p>Unsere Konferenzst\u00fchle bei FAIR-Kauf sind mehr als nur Sitzgelegenheiten \u2013 sie sind eine Investition in Komfort und Produktivit\u00e4t f\u00fcr Ihr Unternehmen. Wir bieten eine breite Palette an St\u00fchlen, die speziell f\u00fcr die Anforderungen von Konferenzr\u00e4umen entwickelt wurden.<\/p>\n\n\n\n<p><strong>Eleganz trifft auf Ergonomie<\/strong>: Unsere Konferenzst\u00fchle sind so gestaltet, dass sie nicht nur \u00e4sthetisch ansprechend sind, sondern auch ergonomische Prinzipien erf\u00fcllen. Mit verstellbaren R\u00fcckenlehnen, gepolsterten Armlehnen und einer Vielzahl von Stoffen und Materialien bieten unsere St\u00fchle einen unvergleichlichen Sitzkomfort.<\/p>\n\n\n\n<p><strong>Flexibilit\u00e4t f\u00fcr jede Situation<\/strong>: Ob f\u00fcr kleine Besprechungen oder gro\u00dfe Konferenzen, unsere St\u00fchle lassen sich leicht umstellen und stapeln. Die robuste Konstruktion gew\u00e4hrleistet, dass sie auch bei h\u00e4ufigem Gebrauch ihre Form und Stabilit\u00e4t behalten.<\/p>\n\n\n\n<p><strong>F\u00fcr jeden etwas dabei<\/strong>: Von klassischen Lederst\u00fchlen bis hin zu modernen Mesh-Modellen \u2013 unsere Konferenzst\u00fchle sind in verschiedenen Stilen erh\u00e4ltlich, um Ihren Raum perfekt zu erg\u00e4nzen.<\/p>\n\n\n\n<p><strong>Nachhaltigkeit im Fokus<\/strong>: Wir bei FAIR-Kauf legen gro\u00dfen Wert auf Nachhaltigkeit. Unsere Konferenzst\u00fchle sind aus umweltfreundlichen Materialien gefertigt und f\u00fcr eine lange Lebensdauer konzipiert.<\/p>\n\n\n\n<p>Entdecken Sie jetzt unsere Auswahl an Konferenzst\u00fchlen und finden Sie die perfekte Erg\u00e4nzung f\u00fcr Ihren Konferenzraum. Bei FAIR-Kauf stehen Qualit\u00e4t und Kundenzufriedenheit immer an erster Stelle.<\/p>\n\n\n<style>.wp-block-kadence-advancedbtn.kb-btns1476_e46c7e-de{gap:var(--global-kb-gap-xs, 0.5rem );justify-content:center;align-items:center;}.kt-btns1476_e46c7e-de .kt-button{font-weight:normal;font-style:normal;}.kt-btns1476_e46c7e-de .kt-btn-wrap-0{margin-right:5px;}.wp-block-kadence-advancedbtn.kt-btns1476_e46c7e-de .kt-btn-wrap-0 .kt-button{color:#555555;border-color:#555555;}.wp-block-kadence-advancedbtn.kt-btns1476_e46c7e-de .kt-btn-wrap-0 .kt-button:hover, .wp-block-kadence-advancedbtn.kt-btns1476_e46c7e-de .kt-btn-wrap-0 .kt-button:focus{color:#ffffff;border-color:#444444;}.wp-block-kadence-advancedbtn.kt-btns1476_e46c7e-de .kt-btn-wrap-0 .kt-button::before{display:none;}.wp-block-kadence-advancedbtn.kt-btns1476_e46c7e-de .kt-btn-wrap-0 .kt-button:hover, .wp-block-kadence-advancedbtn.kt-btns1476_e46c7e-de .kt-btn-wrap-0 .kt-button:focus{background:#444444;}<\/style>\n<div class=\"wp-block-kadence-advancedbtn kb-buttons-wrap kb-btns1476_e46c7e-de\"><style>ul.menu .wp-block-kadence-advancedbtn .kb-btn1476_d34924-13.kb-button{width:initial;}.wp-block-kadence-advancedbtn .kb-btn1476_d34924-13.kb-button{color:#eee;background:#2d5c88;}.wp-block-kadence-advancedbtn .kb-btn1476_d34924-13.kb-button:hover, .wp-block-kadence-advancedbtn .kb-btn1476_d34924-13.kb-button:focus{color:#eee;background:#1c9f9f;}<\/style><a class=\"kb-button kt-button button kb-btn1476_d34924-13 kt-btn-size-xlarge kt-btn-width-type-auto kb-btn-global-fill  kt-btn-has-text-true kt-btn-has-svg-false  wp-block-kadence-singlebtn\" href=\"https:\/\/fair-kauf.net\/index.php\/contact-us\/\"><span class=\"kt-btn-inner-text\">Beratung vereinbaren<\/span><\/a><\/div>\n","protected":false},"excerpt":{"rendered":"<p>Unsere Konferenzst\u00fchle bei FAIR-Kauf sind mehr als nur Sitzgelegenheiten \u2013 sie sind eine Investition in Komfort und Produktivit\u00e4t f\u00fcr Ihr Unternehmen. Wir bieten eine breite Palette an St\u00fchlen, die speziell f\u00fcr die Anforderungen von Konferenzr\u00e4umen entwickelt wurden. Eleganz trifft auf &hellip; <a class=\"kt-excerpt-readmore\" href=\"https:\/\/fair-kauf.net\/index.php\/konferenzstuehle\/\" aria-label=\"Konferenzst\u00fchle\">Weiterlesen<\/a><\/p>\n","protected":false},"author":1,"featured_media":0,"parent":0,"menu_order":0,"comment_status":"closed","ping_status":"closed","template":"","meta":{"kt_blocks_editor_width":"","_kad_blocks_custom_css":"","_kad_blocks_head_custom_js":"","_kad_blocks_body_custom_js":"","_kad_blocks_footer_custom_js":"","footnotes":""},"class_list":["post-1476","page","type-page","status-publish","hentry"],"taxonomy_info":[],"featured_image_src_large":false,"author_info":{"display_name":"admin","author_link":"https:\/\/fair-kauf.net\/index.php\/author\/strothy_jtu6f85m\/"},"comment_info":0,"_links":{"self":[{"href":"https:\/\/fair-kauf.net\/index.php\/wp-json\/wp\/v2\/pages\/1476","targetHints":{"allow":["GET"]}}],"collection":[{"href":"https:\/\/fair-kauf.net\/index.php\/wp-json\/wp\/v2\/pages"}],"about":[{"href":"https:\/\/fair-kauf.net\/index.php\/wp-json\/wp\/v2\/types\/page"}],"author":[{"embeddable":true,"href":"https:\/\/fair-kauf.net\/index.php\/wp-json\/wp\/v2\/users\/1"}],"replies":[{"embeddable":true,"href":"https:\/\/fair-kauf.net\/index.php\/wp-json\/wp\/v2\/comments?post=1476"}],"version-history":[{"count":0,"href":"https:\/\/fair-kauf.net\/index.php\/wp-json\/wp\/v2\/pages\/1476\/revisions"}],"wp:attachment":[{"href":"https:\/\/fair-kauf.net\/index.php\/wp-json\/wp\/v2\/media?parent=1476"}],"curies":[{"name":"wp","href":"https:\/\/api.w.org\/{rel}","templated":true}]}}