{"id":1472,"date":"2024-05-24T10:41:10","date_gmt":"2024-05-24T10:41:10","guid":{"rendered":"https:\/\/staging.fair-kauf.net.strothmann.online\/?page_id=1472"},"modified":"2024-06-13T15:36:24","modified_gmt":"2024-06-13T15:36:24","slug":"pending","status":"publish","type":"page","link":"https:\/\/fair-kauf.net\/index.php\/pending\/","title":{"rendered":"Pending"},"content":{"rendered":"\n<div class=\"wp-block-columns is-layout-flex wp-container-core-columns-is-layout-9d6595d7 wp-block-columns-is-layout-flex\">\n<div class=\"wp-block-column is-layout-flow wp-block-column-is-layout-flow\"><style>.kb-gallery-id-1472_c86ad0-fa.kb-gallery-ul.kb-gallery-type-fluidcarousel .kt-blocks-carousel figure .kb-gal-image-radius, .kb-gallery-id-1472_c86ad0-fa.kb-gallery-ul.kb-gallery-type-fluidcarousel .kt-blocks-carousel figure .kb-gal-image-radius img{height:300px;}.kb-gallery-id-1472_c86ad0-fa .kadence-blocks-gallery-item .kb-gal-image-radius, .kb-gallery-id-1472_c86ad0-fa .kb-slide-item .kb-gal-image-radius img{border-radius:0px 0px 0px 0px;;}.wp-block-kadence-advancedgallery.kb-gallery-wrap-id-1472_c86ad0-fa{overflow:visible;}.kb-gallery-id-1472_c86ad0-fa .kadence-blocks-gallery-item .kb-gal-image-radius, .kb-gallery-id-1472_c86ad0-fa .kadence-blocks-gallery-thumb-item .kb-gal-image-radius{box-shadow:4px 2px 14px 0px rgba(0, 0, 0, 0.2);}.kb-gallery-id-1472_c86ad0-fa .kadence-blocks-gallery-item:hover .kb-gal-image-radius, .kb-gallery-id-1472_c86ad0-fa .kadence-blocks-gallery-thumb-item:hover .kb-gal-image-radius{box-shadow:4px 2px 14px 0px rgba(0, 0, 0, 0.2);}.kb-gallery-wrap-id-1472_c86ad0-fa.wp-block-kadence-advancedgallery{overflow:visible;}.kb-gallery-wrap-id-1472_c86ad0-fa.wp-block-kadence-advancedgallery .kt-blocks-carousel{overflow:visible;max-width:100%;}<\/style><div class=\"kb-gallery-wrap-id-1472_c86ad0-fa alignnone wp-block-kadence-advancedgallery\"><div class=\"kb-gallery-ul kb-gallery-non-static kb-gallery-type-fluidcarousel kb-gallery-id-1472_c86ad0-fa kb-gallery-caption-style-bottom-hover kb-gallery-filter-none kb-gallery-magnific-init\" data-image-filter=\"none\" data-lightbox-caption=\"false\"><div class=\"kt-blocks-carousel splide kt-carousel-container-dotstyle-dark kt-carousel-arrowstyle-whiteondark kt-carousel-dotstyle-dark kb-slider-group-arrow kb-slider-arrow-position-center\" data-slider-anim-speed=\"400\" data-slider-scroll=\"1\" data-slider-arrows=\"true\" data-slider-dots=\"true\" data-slider-hover-pause=\"false\" data-slider-auto=\"1\" data-slider-speed=\"2000\" data-slider-type=\"fluidcarousel\" data-slider-center-mode=\"true\" data-slider-gap=\"10px\" data-slider-gap-tablet=\"10px\" data-slider-gap-mobile=\"10px\" data-show-pause-button=\"false\"><div class=\"splide__track\"><ul class=\"kt-blocks-carousel-init kb-blocks-fluid-carousel splide__list\"><li class=\"kb-slide-item kb-gallery-carousel-item splide__slide\"><div class=\"kadence-blocks-gallery-item\"><div class=\"kadence-blocks-gallery-item-inner\"><figure class=\"kb-gallery-figure kb-gallery-item-has-link kadence-blocks-gallery-item-hide-caption\"><a href=\"https:\/\/fair-kauf.net\/wp-content\/uploads\/2024\/05\/air2_155407-18012016-1-conflicted-copy-2024-05-23-142910-2.jpg\" class=\"kb-gallery-item-link\"   role=\"button\" aria-haspopup=\"dialog\"><div class=\"kb-gal-image-radius\"><div class=\"kb-gallery-image-contain\" ><img loading=\"lazy\" decoding=\"async\" src=\"https:\/\/fair-kauf.net\/wp-content\/uploads\/2024\/05\/air2_155407-18012016-1-conflicted-copy-2024-05-23-142910-2-683x1024.jpg\" width=\"683\" height=\"1024\" alt=\"\" data-full-image=\"https:\/\/fair-kauf.net\/wp-content\/uploads\/2024\/05\/air2_155407-18012016-1-conflicted-copy-2024-05-23-142910-2.jpg\" data-light-image=\"https:\/\/fair-kauf.net\/wp-content\/uploads\/2024\/05\/air2_155407-18012016-1-conflicted-copy-2024-05-23-142910-2.jpg\" data-id=\"1556\" class=\"wp-image-1556 skip-lazy\" srcset=\"https:\/\/fair-kauf.net\/wp-content\/uploads\/2024\/05\/air2_155407-18012016-1-conflicted-copy-2024-05-23-142910-2-683x1024.jpg 683w, https:\/\/fair-kauf.net\/wp-content\/uploads\/2024\/05\/air2_155407-18012016-1-conflicted-copy-2024-05-23-142910-2-200x300.jpg 200w, https:\/\/fair-kauf.net\/wp-content\/uploads\/2024\/05\/air2_155407-18012016-1-conflicted-copy-2024-05-23-142910-2-768x1152.jpg 768w, https:\/\/fair-kauf.net\/wp-content\/uploads\/2024\/05\/air2_155407-18012016-1-conflicted-copy-2024-05-23-142910-2.jpg 800w\" sizes=\"auto, (max-width: 683px) 100vw, 683px\" \/><\/div><\/div><\/a><\/figure><\/div><\/div><\/li><li class=\"kb-slide-item kb-gallery-carousel-item splide__slide\"><div class=\"kadence-blocks-gallery-item\"><div class=\"kadence-blocks-gallery-item-inner\"><figure class=\"kb-gallery-figure kb-gallery-item-has-link kadence-blocks-gallery-item-hide-caption\"><a href=\"https:\/\/fair-kauf.net\/wp-content\/uploads\/2024\/05\/merkur172_155845-18012016-2-conflicted-copy-2024-05-23-142924.jpg\" class=\"kb-gallery-item-link\"   role=\"button\" aria-haspopup=\"dialog\"><div class=\"kb-gal-image-radius\"><div class=\"kb-gallery-image-contain\" ><img loading=\"lazy\" decoding=\"async\" src=\"https:\/\/fair-kauf.net\/wp-content\/uploads\/2024\/05\/merkur172_155845-18012016-2-conflicted-copy-2024-05-23-142924-683x1024.jpg\" width=\"683\" height=\"1024\" alt=\"\" data-full-image=\"https:\/\/fair-kauf.net\/wp-content\/uploads\/2024\/05\/merkur172_155845-18012016-2-conflicted-copy-2024-05-23-142924.jpg\" data-light-image=\"https:\/\/fair-kauf.net\/wp-content\/uploads\/2024\/05\/merkur172_155845-18012016-2-conflicted-copy-2024-05-23-142924.jpg\" data-id=\"1557\" class=\"wp-image-1557 skip-lazy\" srcset=\"https:\/\/fair-kauf.net\/wp-content\/uploads\/2024\/05\/merkur172_155845-18012016-2-conflicted-copy-2024-05-23-142924-683x1024.jpg 683w, https:\/\/fair-kauf.net\/wp-content\/uploads\/2024\/05\/merkur172_155845-18012016-2-conflicted-copy-2024-05-23-142924-200x300.jpg 200w, https:\/\/fair-kauf.net\/wp-content\/uploads\/2024\/05\/merkur172_155845-18012016-2-conflicted-copy-2024-05-23-142924-768x1152.jpg 768w, https:\/\/fair-kauf.net\/wp-content\/uploads\/2024\/05\/merkur172_155845-18012016-2-conflicted-copy-2024-05-23-142924.jpg 800w\" sizes=\"auto, (max-width: 683px) 100vw, 683px\" \/><\/div><\/div><\/a><\/figure><\/div><\/div><\/li><li class=\"kb-slide-item kb-gallery-carousel-item splide__slide\"><div class=\"kadence-blocks-gallery-item\"><div class=\"kadence-blocks-gallery-item-inner\"><figure class=\"kb-gallery-figure kb-gallery-item-has-link kadence-blocks-gallery-item-hide-caption\"><a href=\"https:\/\/fair-kauf.net\/wp-content\/uploads\/2024\/05\/silerio2_155915-18012016-1-conflicted-copy-2024-05-23-150302.jpg\" class=\"kb-gallery-item-link\"   role=\"button\" aria-haspopup=\"dialog\"><div class=\"kb-gal-image-radius\"><div class=\"kb-gallery-image-contain\" ><img loading=\"lazy\" decoding=\"async\" src=\"https:\/\/fair-kauf.net\/wp-content\/uploads\/2024\/05\/silerio2_155915-18012016-1-conflicted-copy-2024-05-23-150302-683x1024.jpg\" width=\"683\" height=\"1024\" alt=\"\" data-full-image=\"https:\/\/fair-kauf.net\/wp-content\/uploads\/2024\/05\/silerio2_155915-18012016-1-conflicted-copy-2024-05-23-150302.jpg\" data-light-image=\"https:\/\/fair-kauf.net\/wp-content\/uploads\/2024\/05\/silerio2_155915-18012016-1-conflicted-copy-2024-05-23-150302.jpg\" data-id=\"1558\" class=\"wp-image-1558 skip-lazy\" srcset=\"https:\/\/fair-kauf.net\/wp-content\/uploads\/2024\/05\/silerio2_155915-18012016-1-conflicted-copy-2024-05-23-150302-683x1024.jpg 683w, https:\/\/fair-kauf.net\/wp-content\/uploads\/2024\/05\/silerio2_155915-18012016-1-conflicted-copy-2024-05-23-150302-200x300.jpg 200w, https:\/\/fair-kauf.net\/wp-content\/uploads\/2024\/05\/silerio2_155915-18012016-1-conflicted-copy-2024-05-23-150302-768x1152.jpg 768w, https:\/\/fair-kauf.net\/wp-content\/uploads\/2024\/05\/silerio2_155915-18012016-1-conflicted-copy-2024-05-23-150302.jpg 800w\" sizes=\"auto, (max-width: 683px) 100vw, 683px\" \/><\/div><\/div><\/a><\/figure><\/div><\/div><\/li><li class=\"kb-slide-item kb-gallery-carousel-item splide__slide\"><div class=\"kadence-blocks-gallery-item\"><div class=\"kadence-blocks-gallery-item-inner\"><figure class=\"kb-gallery-figure kb-gallery-item-has-link kadence-blocks-gallery-item-hide-caption\"><a href=\"https:\/\/fair-kauf.net\/wp-content\/uploads\/2024\/05\/spiritpro_160027-18012016-1-conflicted-copy-2024-05-23-142848.jpg\" class=\"kb-gallery-item-link\"   role=\"button\" aria-haspopup=\"dialog\"><div class=\"kb-gal-image-radius\"><div class=\"kb-gallery-image-contain\" ><img loading=\"lazy\" decoding=\"async\" src=\"https:\/\/fair-kauf.net\/wp-content\/uploads\/2024\/05\/spiritpro_160027-18012016-1-conflicted-copy-2024-05-23-142848-683x1024.jpg\" width=\"683\" height=\"1024\" alt=\"\" data-full-image=\"https:\/\/fair-kauf.net\/wp-content\/uploads\/2024\/05\/spiritpro_160027-18012016-1-conflicted-copy-2024-05-23-142848.jpg\" data-light-image=\"https:\/\/fair-kauf.net\/wp-content\/uploads\/2024\/05\/spiritpro_160027-18012016-1-conflicted-copy-2024-05-23-142848.jpg\" data-id=\"1559\" class=\"wp-image-1559 skip-lazy\" srcset=\"https:\/\/fair-kauf.net\/wp-content\/uploads\/2024\/05\/spiritpro_160027-18012016-1-conflicted-copy-2024-05-23-142848-683x1024.jpg 683w, https:\/\/fair-kauf.net\/wp-content\/uploads\/2024\/05\/spiritpro_160027-18012016-1-conflicted-copy-2024-05-23-142848-200x300.jpg 200w, https:\/\/fair-kauf.net\/wp-content\/uploads\/2024\/05\/spiritpro_160027-18012016-1-conflicted-copy-2024-05-23-142848-768x1152.jpg 768w, https:\/\/fair-kauf.net\/wp-content\/uploads\/2024\/05\/spiritpro_160027-18012016-1-conflicted-copy-2024-05-23-142848.jpg 800w\" sizes=\"auto, (max-width: 683px) 100vw, 683px\" \/><\/div><\/div><\/a><\/figure><\/div><\/div><\/li><li class=\"kb-slide-item kb-gallery-carousel-item splide__slide\"><div class=\"kadence-blocks-gallery-item\"><div class=\"kadence-blocks-gallery-item-inner\"><figure class=\"kb-gallery-figure kb-gallery-item-has-link kadence-blocks-gallery-item-hide-caption\"><a href=\"https:\/\/fair-kauf.net\/wp-content\/uploads\/2024\/05\/tailwind2_160125-18012016-1-conflicted-copy-2024-05-23-142826.jpg\" class=\"kb-gallery-item-link\"   role=\"button\" aria-haspopup=\"dialog\"><div class=\"kb-gal-image-radius\"><div class=\"kb-gallery-image-contain\" ><img loading=\"lazy\" decoding=\"async\" src=\"https:\/\/fair-kauf.net\/wp-content\/uploads\/2024\/05\/tailwind2_160125-18012016-1-conflicted-copy-2024-05-23-142826-683x1024.jpg\" width=\"683\" height=\"1024\" alt=\"\" data-full-image=\"https:\/\/fair-kauf.net\/wp-content\/uploads\/2024\/05\/tailwind2_160125-18012016-1-conflicted-copy-2024-05-23-142826.jpg\" data-light-image=\"https:\/\/fair-kauf.net\/wp-content\/uploads\/2024\/05\/tailwind2_160125-18012016-1-conflicted-copy-2024-05-23-142826.jpg\" data-id=\"1560\" class=\"wp-image-1560 skip-lazy\" srcset=\"https:\/\/fair-kauf.net\/wp-content\/uploads\/2024\/05\/tailwind2_160125-18012016-1-conflicted-copy-2024-05-23-142826-683x1024.jpg 683w, https:\/\/fair-kauf.net\/wp-content\/uploads\/2024\/05\/tailwind2_160125-18012016-1-conflicted-copy-2024-05-23-142826-200x300.jpg 200w, https:\/\/fair-kauf.net\/wp-content\/uploads\/2024\/05\/tailwind2_160125-18012016-1-conflicted-copy-2024-05-23-142826-768x1152.jpg 768w, https:\/\/fair-kauf.net\/wp-content\/uploads\/2024\/05\/tailwind2_160125-18012016-1-conflicted-copy-2024-05-23-142826.jpg 800w\" sizes=\"auto, (max-width: 683px) 100vw, 683px\" \/><\/div><\/div><\/a><\/figure><\/div><\/div><\/li><li class=\"kb-slide-item kb-gallery-carousel-item splide__slide\"><div class=\"kadence-blocks-gallery-item\"><div class=\"kadence-blocks-gallery-item-inner\"><figure class=\"kb-gallery-figure kb-gallery-item-has-link kadence-blocks-gallery-item-hide-caption\"><a href=\"https:\/\/fair-kauf.net\/wp-content\/uploads\/2024\/05\/urania151_160215-18012016-1-conflicted-copy-2024-05-23-142944-1.jpg\" class=\"kb-gallery-item-link\"   role=\"button\" aria-haspopup=\"dialog\"><div class=\"kb-gal-image-radius\"><div class=\"kb-gallery-image-contain\" ><img loading=\"lazy\" decoding=\"async\" src=\"https:\/\/fair-kauf.net\/wp-content\/uploads\/2024\/05\/urania151_160215-18012016-1-conflicted-copy-2024-05-23-142944-1-683x1024.jpg\" width=\"683\" height=\"1024\" alt=\"\" data-full-image=\"https:\/\/fair-kauf.net\/wp-content\/uploads\/2024\/05\/urania151_160215-18012016-1-conflicted-copy-2024-05-23-142944-1.jpg\" data-light-image=\"https:\/\/fair-kauf.net\/wp-content\/uploads\/2024\/05\/urania151_160215-18012016-1-conflicted-copy-2024-05-23-142944-1.jpg\" data-id=\"1561\" class=\"wp-image-1561 skip-lazy\" srcset=\"https:\/\/fair-kauf.net\/wp-content\/uploads\/2024\/05\/urania151_160215-18012016-1-conflicted-copy-2024-05-23-142944-1-683x1024.jpg 683w, https:\/\/fair-kauf.net\/wp-content\/uploads\/2024\/05\/urania151_160215-18012016-1-conflicted-copy-2024-05-23-142944-1-200x300.jpg 200w, https:\/\/fair-kauf.net\/wp-content\/uploads\/2024\/05\/urania151_160215-18012016-1-conflicted-copy-2024-05-23-142944-1-768x1152.jpg 768w, https:\/\/fair-kauf.net\/wp-content\/uploads\/2024\/05\/urania151_160215-18012016-1-conflicted-copy-2024-05-23-142944-1.jpg 800w\" sizes=\"auto, (max-width: 683px) 100vw, 683px\" \/><\/div><\/div><\/a><\/figure><\/div><\/div><\/li><\/ul><\/div><\/div><\/div><\/div><\/div>\n<\/div>\n\n\n\n<p>Im Gegensatz zu einem Stuhl mit starrer Sitzfl\u00e4che, erm\u00f6glicht das Pending System biodynamisches sitzen. Punktuell auftretende Druckbelastung der Bandscheibe wird dadurch vermieden, das die Pendellagerung den durch das Sitzen entstehenden Druck gleichm\u00e4\u00dfig auf alle Wirbel verteilt. Denn starres Sitzen blockiert den Gleichgewichtssinn.<br>Das Pending Sitzsystem bewahrt die K\u00f6rperstatik und bietet ihrem K\u00f6rper alle Formen von Ausgleichs- und Ausweichbewegungen und verteilt den Druck der Wirbel immer im Zentrum der Wirbels\u00e4ule. Beim Aufstehen von einer starren Sitzfl\u00e4che wird der Lendenwirbel, und damit die Bandscheibe belastet. Das Pending System mit seiner multidimensionalen Beweglichkeit, verlagert in Bewegungssituationen wie das Aufstehen die Kraft dorthin, wo sie eigentlich hingeh\u00f6rt. In das H\u00fcftgelenk. <br><br>Kontaktieren Sie uns gleich und vereinbaren einen Termin mit uns f\u00fcr eine pers\u00f6nliche Beratung.<\/p>\n\n\n<style>.wp-block-kadence-advancedbtn.kb-btns1472_aafbcf-76{gap:var(--global-kb-gap-xs, 0.5rem );justify-content:center;align-items:center;}.kt-btns1472_aafbcf-76 .kt-button{font-weight:normal;font-style:normal;}.kt-btns1472_aafbcf-76 .kt-btn-wrap-0{margin-right:5px;}.wp-block-kadence-advancedbtn.kt-btns1472_aafbcf-76 .kt-btn-wrap-0 .kt-button{color:#555555;border-color:#555555;}.wp-block-kadence-advancedbtn.kt-btns1472_aafbcf-76 .kt-btn-wrap-0 .kt-button:hover, .wp-block-kadence-advancedbtn.kt-btns1472_aafbcf-76 .kt-btn-wrap-0 .kt-button:focus{color:#ffffff;border-color:#444444;}.wp-block-kadence-advancedbtn.kt-btns1472_aafbcf-76 .kt-btn-wrap-0 .kt-button::before{display:none;}.wp-block-kadence-advancedbtn.kt-btns1472_aafbcf-76 .kt-btn-wrap-0 .kt-button:hover, .wp-block-kadence-advancedbtn.kt-btns1472_aafbcf-76 .kt-btn-wrap-0 .kt-button:focus{background:#444444;}<\/style>\n<div class=\"wp-block-kadence-advancedbtn kb-buttons-wrap kb-btns1472_aafbcf-76\"><style>ul.menu .wp-block-kadence-advancedbtn .kb-btn1472_3bfd3d-13.kb-button{width:initial;}.wp-block-kadence-advancedbtn .kb-btn1472_3bfd3d-13.kb-button{color:#eee;background:#2d5c88;}.wp-block-kadence-advancedbtn .kb-btn1472_3bfd3d-13.kb-button:hover, .wp-block-kadence-advancedbtn .kb-btn1472_3bfd3d-13.kb-button:focus{color:#eee;background:#1c9f9f;}<\/style><span class=\"kb-button kt-button button kb-btn1472_3bfd3d-13 kt-btn-size-xlarge kt-btn-width-type-auto kb-btn-global-fill  kt-btn-has-text-true kt-btn-has-svg-false  wp-block-kadence-singlebtn\"><span class=\"kt-btn-inner-text\">Zum Kontaktformular<\/span><\/span><\/div>\n\n\n\n<p><\/p>\n","protected":false},"excerpt":{"rendered":"<p>Im Gegensatz zu einem Stuhl mit starrer Sitzfl\u00e4che, erm\u00f6glicht das Pending System biodynamisches sitzen. Punktuell auftretende Druckbelastung der Bandscheibe wird dadurch vermieden, das die Pendellagerung den durch das Sitzen entstehenden Druck gleichm\u00e4\u00dfig auf alle Wirbel verteilt. Denn starres Sitzen blockiert &hellip; <a class=\"kt-excerpt-readmore\" href=\"https:\/\/fair-kauf.net\/index.php\/pending\/\" aria-label=\"Pending\">Weiterlesen<\/a><\/p>\n","protected":false},"author":1,"featured_media":0,"parent":0,"menu_order":0,"comment_status":"closed","ping_status":"closed","template":"page-portfolio-category.php","meta":{"kt_blocks_editor_width":"","_kad_blocks_custom_css":"","_kad_blocks_head_custom_js":"","_kad_blocks_body_custom_js":"","_kad_blocks_footer_custom_js":"","footnotes":""},"class_list":["post-1472","page","type-page","status-publish","hentry"],"taxonomy_info":[],"featured_image_src_large":false,"author_info":{"display_name":"admin","author_link":"https:\/\/fair-kauf.net\/index.php\/author\/strothy_jtu6f85m\/"},"comment_info":0,"_links":{"self":[{"href":"https:\/\/fair-kauf.net\/index.php\/wp-json\/wp\/v2\/pages\/1472","targetHints":{"allow":["GET"]}}],"collection":[{"href":"https:\/\/fair-kauf.net\/index.php\/wp-json\/wp\/v2\/pages"}],"about":[{"href":"https:\/\/fair-kauf.net\/index.php\/wp-json\/wp\/v2\/types\/page"}],"author":[{"embeddable":true,"href":"https:\/\/fair-kauf.net\/index.php\/wp-json\/wp\/v2\/users\/1"}],"replies":[{"embeddable":true,"href":"https:\/\/fair-kauf.net\/index.php\/wp-json\/wp\/v2\/comments?post=1472"}],"version-history":[{"count":0,"href":"https:\/\/fair-kauf.net\/index.php\/wp-json\/wp\/v2\/pages\/1472\/revisions"}],"wp:attachment":[{"href":"https:\/\/fair-kauf.net\/index.php\/wp-json\/wp\/v2\/media?parent=1472"}],"curies":[{"name":"wp","href":"https:\/\/api.w.org\/{rel}","templated":true}]}}